{"id":72,"date":"2020-07-19T07:24:17","date_gmt":"2020-07-19T07:24:17","guid":{"rendered":"http:\/\/engineering-connection.de\/wp\/?page_id=72"},"modified":"2026-03-18T16:41:10","modified_gmt":"2026-03-18T16:41:10","slug":"engineering-connection","status":"publish","type":"page","link":"https:\/\/engineering-connection.de\/wp\/","title":{"rendered":"Engineering-Connection"},"content":{"rendered":"<p style=\"text-align: left;\"><strong>Willkommen auf <em>engineering-connection.de<\/em>. Sch\u00f6n, dass Sie hier her gefunden haben<\/strong>!<\/p>\n<p>Auf dieser Internetpr\u00e4senz finden Sie Informataionen \u00fcber Ingenieurb\u00fcro Dr. Tammo Winkler \/ <em>die Engineering Connection<\/em>, Spezialisten f\u00fcr Leistungselektronik, industrielle Mess- und Automatisierungstechnik und Dienstleister im Bereich der Entwicklung applikationsspezifischer Elektronikbaugruppen.<\/p>\n\n<div class=\"wp-block-image is-style-default\">\n<figure class=\"aligncenter size-large is-resized\"><a href=\"http:\/\/engineering-connection.de\/wp\/wp-content\/uploads\/2026\/03\/GaN_Converter_01.jpg\"><img decoding=\"async\" loading=\"lazy\" src=\"https:\/\/engineering-connection.de\/wp\/wp-content\/uploads\/2026\/03\/GaN_Converter_01-760x1024.jpg\" alt=\"\" class=\"wp-image-577\" width=\"380\" height=\"512\" srcset=\"https:\/\/engineering-connection.de\/wp\/wp-content\/uploads\/2026\/03\/GaN_Converter_01-760x1024.jpg 760w, https:\/\/engineering-connection.de\/wp\/wp-content\/uploads\/2026\/03\/GaN_Converter_01-223x300.jpg 223w, https:\/\/engineering-connection.de\/wp\/wp-content\/uploads\/2026\/03\/GaN_Converter_01-768x1035.jpg 768w, https:\/\/engineering-connection.de\/wp\/wp-content\/uploads\/2026\/03\/GaN_Converter_01-1140x1536.jpg 1140w, https:\/\/engineering-connection.de\/wp\/wp-content\/uploads\/2026\/03\/GaN_Converter_01-1520x2048.jpg 1520w, https:\/\/engineering-connection.de\/wp\/wp-content\/uploads\/2026\/03\/GaN_Converter_01.jpg 1553w\" sizes=\"(max-width: 380px) 100vw, 380px\" \/><\/a><figcaption class=\"wp-element-caption\">GaN Konverter, 1.5kW Peak<\/figcaption><\/figure><\/div>","protected":false},"excerpt":{"rendered":"<p>Willkommen auf engineering-connection.de. Sch\u00f6n, dass Sie hier her gefunden haben! Auf dieser Internetpr\u00e4senz finden Sie Informataionen \u00fcber Ingenieurb\u00fcro Dr. Tammo Winkler \/ die Engineering Connection, Spezialisten f\u00fcr Leistungselektronik, industrielle Mess- und Automatisierungstechnik und Dienstleister im Bereich der Entwicklung applikationsspezifischer Elektronikbaugruppen.<\/p>\n","protected":false},"author":1,"featured_media":0,"parent":0,"menu_order":0,"comment_status":"closed","ping_status":"closed","template":"","meta":[],"_links":{"self":[{"href":"https:\/\/engineering-connection.de\/wp\/index.php?rest_route=\/wp\/v2\/pages\/72"}],"collection":[{"href":"https:\/\/engineering-connection.de\/wp\/index.php?rest_route=\/wp\/v2\/pages"}],"about":[{"href":"https:\/\/engineering-connection.de\/wp\/index.php?rest_route=\/wp\/v2\/types\/page"}],"author":[{"embeddable":true,"href":"https:\/\/engineering-connection.de\/wp\/index.php?rest_route=\/wp\/v2\/users\/1"}],"replies":[{"embeddable":true,"href":"https:\/\/engineering-connection.de\/wp\/index.php?rest_route=%2Fwp%2Fv2%2Fcomments&post=72"}],"version-history":[{"count":48,"href":"https:\/\/engineering-connection.de\/wp\/index.php?rest_route=\/wp\/v2\/pages\/72\/revisions"}],"predecessor-version":[{"id":580,"href":"https:\/\/engineering-connection.de\/wp\/index.php?rest_route=\/wp\/v2\/pages\/72\/revisions\/580"}],"wp:attachment":[{"href":"https:\/\/engineering-connection.de\/wp\/index.php?rest_route=%2Fwp%2Fv2%2Fmedia&parent=72"}],"curies":[{"name":"wp","href":"https:\/\/api.w.org\/{rel}","templated":true}]}}