{"id":63,"date":"2020-07-19T07:11:51","date_gmt":"2020-07-19T07:11:51","guid":{"rendered":"http:\/\/engineering-connection.de\/wp\/?page_id=63"},"modified":"2025-06-29T10:46:30","modified_gmt":"2025-06-29T10:46:30","slug":"impressum","status":"publish","type":"page","link":"https:\/\/engineering-connection.de\/wp\/?page_id=63","title":{"rendered":"Impressum"},"content":{"rendered":"<p>engineering-connection.de<\/p>\n<p>Verantwortlich f\u00fcr den Inhalt des Webauftritts:<\/p>\n<p><a href=\"http:\/\/engineering-connection.de\/wp\/wp-content\/uploads\/2020\/07\/impressum.png\"><img decoding=\"async\" loading=\"lazy\" class=\"alignnone wp-image-78\" src=\"http:\/\/engineering-connection.de\/wp\/wp-content\/uploads\/2020\/07\/impressum.png\" alt=\"\" width=\"182\" height=\"132\" \/><\/a><\/p>\n<p>Alle Texte und Bilder sind urheberrechtlich gesch\u00fctzt.<\/p>\n<p>F\u00fcr verlinkten Inhalt von au\u00dferhalb der Dom\u00e4ne engineering-connection.de, auf die der Autor trotz hoher Sorgfalt bei der Auswahl solcher Links keinen Einfluss hat, kann keine Haftung \u00fcbernommen werden.<\/p>\n<p>\u00a0<\/p>\n\n\n<div class=\"wp-block-image\"><figure class=\"aligncenter size-large is-resized\"><a href=\"http:\/\/engineering-connection.de\/wp\/wp-content\/uploads\/2025\/06\/oberbaumbruecke.jpg\"><img decoding=\"async\" loading=\"lazy\" src=\"http:\/\/engineering-connection.de\/wp\/wp-content\/uploads\/2025\/06\/oberbaumbruecke.jpg\" alt=\"\" class=\"wp-image-515\" width=\"494\" height=\"568\" srcset=\"https:\/\/engineering-connection.de\/wp\/wp-content\/uploads\/2025\/06\/oberbaumbruecke.jpg 890w, https:\/\/engineering-connection.de\/wp\/wp-content\/uploads\/2025\/06\/oberbaumbruecke-261x300.jpg 261w, https:\/\/engineering-connection.de\/wp\/wp-content\/uploads\/2025\/06\/oberbaumbruecke-768x884.jpg 768w\" sizes=\"(max-width: 494px) 100vw, 494px\" \/><\/a><figcaption>Oberbaumbr\u00fccke, Berlin<\/figcaption><\/figure><\/div>\n","protected":false},"excerpt":{"rendered":"<p>engineering-connection.de Verantwortlich f\u00fcr den Inhalt des Webauftritts: Alle Texte und Bilder sind urheberrechtlich gesch\u00fctzt. F\u00fcr verlinkten Inhalt von au\u00dferhalb der Dom\u00e4ne engineering-connection.de, auf die der Autor trotz hoher Sorgfalt bei der Auswahl solcher Links keinen Einfluss hat, kann keine Haftung \u00fcbernommen werden. \u00a0<\/p>\n","protected":false},"author":1,"featured_media":0,"parent":72,"menu_order":0,"comment_status":"closed","ping_status":"closed","template":"","meta":[],"_links":{"self":[{"href":"https:\/\/engineering-connection.de\/wp\/index.php?rest_route=\/wp\/v2\/pages\/63"}],"collection":[{"href":"https:\/\/engineering-connection.de\/wp\/index.php?rest_route=\/wp\/v2\/pages"}],"about":[{"href":"https:\/\/engineering-connection.de\/wp\/index.php?rest_route=\/wp\/v2\/types\/page"}],"author":[{"embeddable":true,"href":"https:\/\/engineering-connection.de\/wp\/index.php?rest_route=\/wp\/v2\/users\/1"}],"replies":[{"embeddable":true,"href":"https:\/\/engineering-connection.de\/wp\/index.php?rest_route=%2Fwp%2Fv2%2Fcomments&post=63"}],"version-history":[{"count":7,"href":"https:\/\/engineering-connection.de\/wp\/index.php?rest_route=\/wp\/v2\/pages\/63\/revisions"}],"predecessor-version":[{"id":518,"href":"https:\/\/engineering-connection.de\/wp\/index.php?rest_route=\/wp\/v2\/pages\/63\/revisions\/518"}],"up":[{"embeddable":true,"href":"https:\/\/engineering-connection.de\/wp\/index.php?rest_route=\/wp\/v2\/pages\/72"}],"wp:attachment":[{"href":"https:\/\/engineering-connection.de\/wp\/index.php?rest_route=%2Fwp%2Fv2%2Fmedia&parent=63"}],"curies":[{"name":"wp","href":"https:\/\/api.w.org\/{rel}","templated":true}]}}