{"id":49,"date":"2020-07-19T07:07:27","date_gmt":"2020-07-19T07:07:27","guid":{"rendered":"http:\/\/engineering-connection.de\/wp\/?page_id=49"},"modified":"2026-03-04T17:59:33","modified_gmt":"2026-03-04T17:59:33","slug":"philosophie","status":"publish","type":"page","link":"https:\/\/engineering-connection.de\/wp\/?page_id=49","title":{"rendered":"Philosophie"},"content":{"rendered":"\n<p><strong>Flexibel und Vorausschauend <\/strong>&nbsp;wird der Entwurf Ihrer elektronischen Baugruppen, der Aufbau von Funktionsmustern und schlie\u00dflich die \u00dcbergabe in die Fertigung durchgef\u00fchrt.<\/p>\n\n\n\n<div class=\"wp-block-image\"><figure class=\"aligncenter size-large is-resized\"><a href=\"http:\/\/engineering-connection.de\/wp\/wp-content\/uploads\/2025\/06\/3R.jpg\"><img decoding=\"async\" loading=\"lazy\" src=\"http:\/\/engineering-connection.de\/wp\/wp-content\/uploads\/2025\/06\/3R.jpg\" alt=\"\" class=\"wp-image-503\" width=\"448\" height=\"531\" srcset=\"https:\/\/engineering-connection.de\/wp\/wp-content\/uploads\/2025\/06\/3R.jpg 863w, https:\/\/engineering-connection.de\/wp\/wp-content\/uploads\/2025\/06\/3R-253x300.jpg 253w, https:\/\/engineering-connection.de\/wp\/wp-content\/uploads\/2025\/06\/3R-768x911.jpg 768w\" sizes=\"(max-width: 448px) 100vw, 448px\" \/><\/a><figcaption><em>Para<\/em>llele Widerst\u00e4nde :-)<\/figcaption><\/figure><\/div>\n\n\n\n<ul><li>Es wird genau das entwickelt, was gebraucht wird.<br>Sie bekommen eine ma\u00dfgeschneiderte Elektronik, die genau zu Ihrer Anwendung passt.<\/li><li>Die Kosten bleiben im Rahmen. Durch die ausgewogene Kombination leistungsstarker Tools aus der Industrie und Wissenschaft sind Sie der Konkurrenz einen Schritt voraus. Wir setzen auf Open-Source Tools und unterst\u00fctzen aktiv die Open-Source Community.<\/li><li>Die Arbeit wird undogmatisch und iterativ gestaltet, so dass Sie jederzeit Einfluss auf die Entwicklung haben.<\/li><li>Die Arbeitsweise ist kooperativ und es wird gerne kommuniziert<\/li><\/ul>\n\n\n\n<div class=\"wp-block-image\"><figure class=\"aligncenter size-large is-resized\"><a href=\"https:\/\/engineering-connection.de\/wp\/wp-content\/uploads\/2025\/06\/TR1.jpg\"><img decoding=\"async\" loading=\"lazy\" src=\"https:\/\/engineering-connection.de\/wp\/wp-content\/uploads\/2025\/06\/TR1-1024x462.jpg\" alt=\"\" class=\"wp-image-520\" width=\"432\" height=\"195\" srcset=\"https:\/\/engineering-connection.de\/wp\/wp-content\/uploads\/2025\/06\/TR1-1024x462.jpg 1024w, https:\/\/engineering-connection.de\/wp\/wp-content\/uploads\/2025\/06\/TR1-300x135.jpg 300w, https:\/\/engineering-connection.de\/wp\/wp-content\/uploads\/2025\/06\/TR1-768x346.jpg 768w, https:\/\/engineering-connection.de\/wp\/wp-content\/uploads\/2025\/06\/TR1-1536x692.jpg 1536w, https:\/\/engineering-connection.de\/wp\/wp-content\/uploads\/2025\/06\/TR1-2048x923.jpg 2048w\" sizes=\"(max-width: 432px) 100vw, 432px\" \/><\/a><figcaption>HF-\u00dcbertrager<\/figcaption><\/figure><\/div>\n\n\n\n<p>Wir lieben und nutzen offene Entwicklungs-Tools, zum Beispiel: (Klick aufs Bild f\u00fcr Infos)<\/p>\n\n\n\n<a style=\"margin: 10px;\" href=\"https:\/\/commons.wikimedia.org\/wiki\/File:KiCad_logo_square.svg\"><img decoding=\"async\" src=\"https:\/\/upload.wikimedia.org\/wikipedia\/commons\/6\/65\/KiCad_logo_square.svg\" width=\"70px\"><\/a>\n<a style=\"margin: 10px;\" href=\"https:\/\/commons.wikimedia.org\/wiki\/File:Official_gnu.svg\"><img decoding=\"async\" src=\"https:\/\/upload.wikimedia.org\/wikipedia\/commons\/3\/39\/Official_gnu.svg\" width=\"70px\"><\/a>\n<a style=\"margin: 10px;\" href=\"https:\/\/commons.wikimedia.org\/wiki\/File:GNU_Compiler_Collection_logo.svg\"><img decoding=\"async\" src=\"https:\/\/upload.wikimedia.org\/wikipedia\/commons\/a\/af\/GNU_Compiler_Collection_logo.svg\" width=\"60px\"><\/a>\n<a style=\"margin: 10px;\" href=\"https:\/\/commons.wikimedia.org\/wiki\/File:Python_logo_(icon_only).svg\"><img decoding=\"async\" src=\"https:\/\/upload.wikimedia.org\/wikipedia\/commons\/6\/6b\/Python_logo_%28icon_only%29.svg\" width=\"70px\"><\/a>\n<a style=\"margin: 10px;\" href=\"https:\/\/commons.wikimedia.org\/wiki\/File:Gnu-octave-logo.svg\"><img decoding=\"async\" src=\"https:\/\/upload.wikimedia.org\/wikipedia\/commons\/6\/6a\/Gnu-octave-logo.svg\" width=\"70px\"><\/a>\n<a style=\"margin: 10px;\" href=\"https:\/\/commons.wikimedia.org\/wiki\/File:Tux.svg\"><img decoding=\"async\" src=\"https:\/\/upload.wikimedia.org\/wikipedia\/commons\/3\/35\/Tux.svg\" width=\"60px\"><\/a>\n\n<br>\n<br>\n\n<a style=\"margin: 10px;\" href=\"https:\/\/commons.wikimedia.org\/wiki\/File:Apache_HTTP_server_logo_(2019-present).svg\"><img decoding=\"async\" src=\"https:\/\/upload.wikimedia.org\/wikipedia\/commons\/1\/10\/Apache_HTTP_server_logo_%282019-present%29.svg\" width=\"120px\"><\/a>\n<a style=\"margin: 10px;\" href=\"https:\/\/commons.wikimedia.org\/wiki\/File:PHP-logo.svg\"><img decoding=\"async\" src=\"https:\/\/upload.wikimedia.org\/wikipedia\/commons\/2\/27\/PHP-logo.svg\" width=\"100px\"><\/a>\n<a style=\"margin: 10px;\" href=\"https:\/\/commons.wikimedia.org\/wiki\/File:Postgresql_elephant.svg\"><img decoding=\"async\" src=\"https:\/\/upload.wikimedia.org\/wikipedia\/commons\/2\/29\/Postgresql_elephant.svg\" width=\"60px\"><\/a>\n\n\n","protected":false},"excerpt":{"rendered":"<p>Flexibel und Vorausschauend &nbsp;wird der Entwurf Ihrer elektronischen Baugruppen, der Aufbau von Funktionsmustern und schlie\u00dflich die \u00dcbergabe in die Fertigung durchgef\u00fchrt. Es wird genau das entwickelt, was gebraucht wird.Sie bekommen eine ma\u00dfgeschneiderte Elektronik, die genau zu Ihrer Anwendung passt. Die Kosten bleiben im Rahmen. Durch die ausgewogene Kombination leistungsstarker Tools aus der Industrie und Wissenschaft &hellip; <\/p>\n<p class=\"link-more\"><a href=\"https:\/\/engineering-connection.de\/wp\/?page_id=49\" class=\"more-link\"><span class=\"screen-reader-text\">\u201ePhilosophie\u201c <\/span>weiterlesen<\/a><\/p>\n","protected":false},"author":1,"featured_media":0,"parent":0,"menu_order":0,"comment_status":"closed","ping_status":"closed","template":"","meta":[],"_links":{"self":[{"href":"https:\/\/engineering-connection.de\/wp\/index.php?rest_route=\/wp\/v2\/pages\/49"}],"collection":[{"href":"https:\/\/engineering-connection.de\/wp\/index.php?rest_route=\/wp\/v2\/pages"}],"about":[{"href":"https:\/\/engineering-connection.de\/wp\/index.php?rest_route=\/wp\/v2\/types\/page"}],"author":[{"embeddable":true,"href":"https:\/\/engineering-connection.de\/wp\/index.php?rest_route=\/wp\/v2\/users\/1"}],"replies":[{"embeddable":true,"href":"https:\/\/engineering-connection.de\/wp\/index.php?rest_route=%2Fwp%2Fv2%2Fcomments&post=49"}],"version-history":[{"count":97,"href":"https:\/\/engineering-connection.de\/wp\/index.php?rest_route=\/wp\/v2\/pages\/49\/revisions"}],"predecessor-version":[{"id":574,"href":"https:\/\/engineering-connection.de\/wp\/index.php?rest_route=\/wp\/v2\/pages\/49\/revisions\/574"}],"wp:attachment":[{"href":"https:\/\/engineering-connection.de\/wp\/index.php?rest_route=%2Fwp%2Fv2%2Fmedia&parent=49"}],"curies":[{"name":"wp","href":"https:\/\/api.w.org\/{rel}","templated":true}]}}