{"id":48,"date":"2020-07-19T07:07:27","date_gmt":"2020-07-19T07:07:27","guid":{"rendered":"http:\/\/engineering-connection.de\/wp\/?page_id=48"},"modified":"2025-06-13T16:34:26","modified_gmt":"2025-06-13T16:34:26","slug":"leistungen","status":"publish","type":"page","link":"https:\/\/engineering-connection.de\/wp\/?page_id=48","title":{"rendered":"Leistungen"},"content":{"rendered":"<p>Die Engineering Connection begleitet Sie bei der <strong>Hardware-Entwicklung<\/strong> in ihrer ganzen Bandbreite. Mit modernen Tools und Messmitteln wird Ihre ma\u00dfgeschneiderte Industrieelektronik mit Firmware und Bediensoftware entwickelt.<\/p>\n<figure style=\"width: 2000px\" class=\"wp-caption alignnone\"><a href=\"http:\/\/engineering-connection.de\/wp\/wp-content\/uploads\/2020\/07\/series.png\"><img decoding=\"async\" loading=\"lazy\" style=\"border: 1px dotted black;\" src=\"http:\/\/engineering-connection.de\/wp\/wp-content\/uploads\/2020\/07\/series.png\" alt=\"\" width=\"2000\" height=\"1236\" \/><\/a><figcaption class=\"wp-caption-text\">Solar Wechselrichter f\u00fcr den Einsatz in der Umwelttechnik<\/figcaption><\/figure>\n<p>Dazu geh\u00f6ren nat\u00fcrlich:<\/p>\n<ul>\n<li>Entwicklung von analogen und digitalen Schaltungen<\/li>\n<li>Durchf\u00fchrung von Auslegungsberechnungen<\/li>\n<li>Simulationen (analytisch, numerisch)<\/li>\n<li>Entwurf von Stromlaufpl\u00e4nen<\/li>\n<li>Leiterplattenentflechtung<\/li>\n<li>Inbetriebnahme und Test von Funktionsmustern<\/li>\n<li>Verifikation\/Validierung<\/li>\n<li>Dokumentation<\/li>\n<li>Erstellen von Fertigungsunterlagen zur \u00dcbergabe in die Produktion<\/li>\n<\/ul>\n<figure id=\"attachment_89\" aria-describedby=\"caption-attachment-89\" style=\"width: 506px\" class=\"wp-caption alignnone\"><a href=\"http:\/\/engineering-connection.de\/wp\/wp-content\/uploads\/2020\/07\/ControlTechnology.png\" data-wp-editing=\"1\"><img decoding=\"async\" loading=\"lazy\" class=\"wp-image-89\" src=\"http:\/\/engineering-connection.de\/wp\/wp-content\/uploads\/2020\/07\/ControlTechnology-300x179.png\" alt=\"\" width=\"506\" height=\"302\" srcset=\"https:\/\/engineering-connection.de\/wp\/wp-content\/uploads\/2020\/07\/ControlTechnology-300x179.png 300w, https:\/\/engineering-connection.de\/wp\/wp-content\/uploads\/2020\/07\/ControlTechnology-768x459.png 768w, https:\/\/engineering-connection.de\/wp\/wp-content\/uploads\/2020\/07\/ControlTechnology-1024x612.png 1024w, https:\/\/engineering-connection.de\/wp\/wp-content\/uploads\/2020\/07\/ControlTechnology.png 1509w\" sizes=\"(max-width: 506px) 100vw, 506px\" \/><\/a><figcaption id=\"caption-attachment-89\" class=\"wp-caption-text\">Screenshots einer numerischen System-Simulation (Regler-\/Filterauslegung)<\/figcaption><\/figure>\n","protected":false},"excerpt":{"rendered":"<p>Die Engineering Connection begleitet Sie bei der Hardware-Entwicklung in ihrer ganzen Bandbreite. Mit modernen Tools und Messmitteln wird Ihre ma\u00dfgeschneiderte Industrieelektronik mit Firmware und Bediensoftware entwickelt. Dazu geh\u00f6ren nat\u00fcrlich: Entwicklung von analogen und digitalen Schaltungen Durchf\u00fchrung von Auslegungsberechnungen Simulationen (analytisch, numerisch) Entwurf von Stromlaufpl\u00e4nen Leiterplattenentflechtung Inbetriebnahme und Test von Funktionsmustern Verifikation\/Validierung Dokumentation Erstellen von Fertigungsunterlagen &hellip; <\/p>\n<p class=\"link-more\"><a href=\"https:\/\/engineering-connection.de\/wp\/?page_id=48\" class=\"more-link\"><span class=\"screen-reader-text\">\u201eLeistungen\u201c <\/span>weiterlesen<\/a><\/p>\n","protected":false},"author":1,"featured_media":0,"parent":0,"menu_order":0,"comment_status":"closed","ping_status":"closed","template":"","meta":[],"_links":{"self":[{"href":"https:\/\/engineering-connection.de\/wp\/index.php?rest_route=\/wp\/v2\/pages\/48"}],"collection":[{"href":"https:\/\/engineering-connection.de\/wp\/index.php?rest_route=\/wp\/v2\/pages"}],"about":[{"href":"https:\/\/engineering-connection.de\/wp\/index.php?rest_route=\/wp\/v2\/types\/page"}],"author":[{"embeddable":true,"href":"https:\/\/engineering-connection.de\/wp\/index.php?rest_route=\/wp\/v2\/users\/1"}],"replies":[{"embeddable":true,"href":"https:\/\/engineering-connection.de\/wp\/index.php?rest_route=%2Fwp%2Fv2%2Fcomments&post=48"}],"version-history":[{"count":24,"href":"https:\/\/engineering-connection.de\/wp\/index.php?rest_route=\/wp\/v2\/pages\/48\/revisions"}],"predecessor-version":[{"id":427,"href":"https:\/\/engineering-connection.de\/wp\/index.php?rest_route=\/wp\/v2\/pages\/48\/revisions\/427"}],"wp:attachment":[{"href":"https:\/\/engineering-connection.de\/wp\/index.php?rest_route=%2Fwp%2Fv2%2Fmedia&parent=48"}],"curies":[{"name":"wp","href":"https:\/\/api.w.org\/{rel}","templated":true}]}}